{"id":18336,"date":"2021-01-12T12:24:27","date_gmt":"2021-01-12T12:24:27","guid":{"rendered":"https:\/\/adramyanmar.org\/?page_id=18336"},"modified":"2024-10-24T07:33:46","modified_gmt":"2024-10-24T07:33:46","slug":"cine-suntem","status":"publish","type":"page","link":"https:\/\/adra.md\/ru\/cine-suntem\/","title":{"rendered":"Cine suntem ?"},"content":{"rendered":"<div data-elementor-type=\"wp-page\" data-elementor-id=\"18336\" class=\"elementor elementor-18336\" data-elementor-post-type=\"page\">\n\t\t\t\t\t\t<section class=\"elementor-section elementor-top-section elementor-element elementor-element-cabf839 elementor-section-boxed elementor-section-height-default elementor-section-height-default\" data-id=\"cabf839\" data-element_type=\"section\" data-e-type=\"section\">\n\t\t\t\t\t\t<div class=\"elementor-container elementor-column-gap-default\">\n\t\t\t\t\t<div class=\"elementor-column elementor-col-100 elementor-top-column elementor-element elementor-element-fdcc470\" data-id=\"fdcc470\" data-element_type=\"column\" data-e-type=\"column\">\n\t\t\t<div class=\"elementor-widget-wrap elementor-element-populated\">\n\t\t\t\t\t\t<div class=\"elementor-element elementor-element-8c61635 elementor-widget elementor-widget-text-editor\" data-id=\"8c61635\" data-element_type=\"widget\" data-e-type=\"widget\" data-widget_type=\"text-editor.default\">\n\t\t\t\t<div class=\"elementor-widget-container\">\n\t\t\t\t\t\t\t\t\t<p><img decoding=\"async\" class=\"alignnone wp-image-21879\" src=\"https:\/\/adra.md\/wp-content\/uploads\/2024\/10\/DSC4400-1024x683.jpg\" alt=\"\" width=\"4\" height=\"3\" srcset=\"https:\/\/adra.md\/wp-content\/uploads\/2024\/10\/DSC4400-1024x683.jpg 1024w, https:\/\/adra.md\/wp-content\/uploads\/2024\/10\/DSC4400-300x200.jpg 300w, https:\/\/adra.md\/wp-content\/uploads\/2024\/10\/DSC4400-150x150.jpg 150w, https:\/\/adra.md\/wp-content\/uploads\/2024\/10\/DSC4400-768x512.jpg 768w, https:\/\/adra.md\/wp-content\/uploads\/2024\/10\/DSC4400-1536x1024.jpg 1536w, https:\/\/adra.md\/wp-content\/uploads\/2024\/10\/DSC4400-2048x1365.jpg 2048w, https:\/\/adra.md\/wp-content\/uploads\/2024\/10\/DSC4400-18x12.jpg 18w, https:\/\/adra.md\/wp-content\/uploads\/2024\/10\/DSC4400-1000x750.jpg 1000w, https:\/\/adra.md\/wp-content\/uploads\/2024\/10\/DSC4400-2000x1333.jpg 2000w, https:\/\/adra.md\/wp-content\/uploads\/2024\/10\/DSC4400-100x100.jpg 100w, https:\/\/adra.md\/wp-content\/uploads\/2024\/10\/DSC4400-50x50.jpg 50w\" sizes=\"(max-width: 4px) 100vw, 4px\" \/><img fetchpriority=\"high\" decoding=\"async\" class=\"alignnone size-large wp-image-21879 aligncenter\" src=\"https:\/\/adra.md\/wp-content\/uploads\/2024\/10\/DSC4400-1024x683.jpg\" alt=\"\" width=\"800\" height=\"534\" srcset=\"https:\/\/adra.md\/wp-content\/uploads\/2024\/10\/DSC4400-1024x683.jpg 1024w, https:\/\/adra.md\/wp-content\/uploads\/2024\/10\/DSC4400-300x200.jpg 300w, https:\/\/adra.md\/wp-content\/uploads\/2024\/10\/DSC4400-768x512.jpg 768w, https:\/\/adra.md\/wp-content\/uploads\/2024\/10\/DSC4400-1536x1024.jpg 1536w, https:\/\/adra.md\/wp-content\/uploads\/2024\/10\/DSC4400-2048x1365.jpg 2048w, https:\/\/adra.md\/wp-content\/uploads\/2024\/10\/DSC4400-18x12.jpg 18w, https:\/\/adra.md\/wp-content\/uploads\/2024\/10\/DSC4400-2000x1333.jpg 2000w\" sizes=\"(max-width: 800px) 100vw, 800px\" \/><\/p>\t\t\t\t\t\t\t\t<\/div>\n\t\t\t\t<\/div>\n\t\t\t\t<div class=\"elementor-element elementor-element-8be9354 elementor-widget elementor-widget-text-editor\" data-id=\"8be9354\" data-element_type=\"widget\" data-e-type=\"widget\" data-widget_type=\"text-editor.default\">\n\t\t\t\t<div class=\"elementor-widget-container\">\n\t\t\t\t\t\t\t\t\t<p>\u00a0Agen\u0163ia<strong> Adventist\u0103 pentru Dezvoltare, Refacere \u015fi Ajutor<\/strong>\u00a0<strong>(ADRA)<\/strong>\u00a0este organiza\u021bia umanitar\u0103 global\u0103 a Bisericii Adventiste de Ziua a \u0218aptea. Printr-o re\u021bea interna\u021bional\u0103, ADRA ofer\u0103 asisten\u021b\u0103 de tip dezvoltare, refacere \u0219i ajutor \u00een mai mult de 130 de \u021b\u0103ri, indiferent de etnia, apartenen\u021ba politic\u0103 sau religioas\u0103 a persoanelor asistate. Prin parteneriat cu comunit\u0103\u021bi, organiza\u021bii \u0219i guverne, ADRA este capabil\u0103 s\u0103 \u00eembun\u0103t\u0103\u021beasc\u0103 calitatea vie\u021bii a milioane de oameni \u00een mai multe zone de impact crucial.<\/p>\t\t\t\t\t\t\t\t<\/div>\n\t\t\t\t<\/div>\n\t\t\t\t<div class=\"elementor-element elementor-element-903fe00 elementor-widget elementor-widget-heading\" data-id=\"903fe00\" data-element_type=\"widget\" data-e-type=\"widget\" data-widget_type=\"heading.default\">\n\t\t\t\t<div class=\"elementor-widget-container\">\n\t\t\t\t\t<h2 class=\"elementor-heading-title elementor-size-default\">IMPACT ADRA<\/h2>\t\t\t\t<\/div>\n\t\t\t\t<\/div>\n\t\t\t\t<div class=\"elementor-element elementor-element-8e97c5b elementor-widget elementor-widget-text-editor\" data-id=\"8e97c5b\" data-element_type=\"widget\" data-e-type=\"widget\" data-widget_type=\"text-editor.default\">\n\t\t\t\t<div class=\"elementor-widget-container\">\n\t\t\t\t\t\t\t\t\t<p>Munca ADRA atinge milioane de vie\u021bi \u00een mai mult de 118 \u021b\u0103ri \u0219i \u00een 9 zone de impact crucial. Re\u021beaua muncitoare ADRA de aproape 6.000 de oameni implementeaz\u0103 activ solu\u021bii adecvate regiunii pentru schimb\u0103ri pozitive \u0219i durabile acolo unde este cea mai mare nevoie.<\/p>\t\t\t\t\t\t\t\t<\/div>\n\t\t\t\t<\/div>\n\t\t\t\t\t<\/div>\n\t\t<\/div>\n\t\t\t\t\t<\/div>\n\t\t<\/section>\n\t\t\t\t<section class=\"elementor-section elementor-top-section elementor-element elementor-element-43d1b3ed elementor-section-full_width elementor-section-height-default elementor-section-height-default\" data-id=\"43d1b3ed\" data-element_type=\"section\" data-e-type=\"section\">\n\t\t\t\t\t\t<div class=\"elementor-container elementor-column-gap-default\">\n\t\t\t\t\t<div class=\"elementor-column elementor-col-33 elementor-top-column elementor-element elementor-element-3195148e\" data-id=\"3195148e\" data-element_type=\"column\" data-e-type=\"column\">\n\t\t\t<div class=\"elementor-widget-wrap\">\n\t\t\t\t\t\t\t<\/div>\n\t\t<\/div>\n\t\t\t\t<div class=\"elementor-column elementor-col-33 elementor-top-column elementor-element elementor-element-2945e36a\" data-id=\"2945e36a\" data-element_type=\"column\" data-e-type=\"column\">\n\t\t\t<div class=\"elementor-widget-wrap elementor-element-populated\">\n\t\t\t\t\t\t<div class=\"elementor-element elementor-element-11feb11f elementor-widget elementor-widget-spacer\" data-id=\"11feb11f\" data-element_type=\"widget\" data-e-type=\"widget\" data-widget_type=\"spacer.default\">\n\t\t\t\t<div class=\"elementor-widget-container\">\n\t\t\t\t\t\t\t<div class=\"elementor-spacer\">\n\t\t\t<div class=\"elementor-spacer-inner\"><\/div>\n\t\t<\/div>\n\t\t\t\t\t\t<\/div>\n\t\t\t\t<\/div>\n\t\t\t\t<div class=\"elementor-element elementor-element-9b60aac authenia-angled elementor-widget elementor-widget-heading\" data-id=\"9b60aac\" data-element_type=\"widget\" data-e-type=\"widget\" data-widget_type=\"heading.default\">\n\t\t\t\t<div class=\"elementor-widget-container\">\n\t\t\t\t\t<h2 class=\"elementor-heading-title elementor-size-default\">Scopul Nostru<\/h2>\t\t\t\t<\/div>\n\t\t\t\t<\/div>\n\t\t\t\t<div class=\"elementor-element elementor-element-82c72f9 elementor-widget elementor-widget-spacer\" data-id=\"82c72f9\" data-element_type=\"widget\" data-e-type=\"widget\" data-widget_type=\"spacer.default\">\n\t\t\t\t<div class=\"elementor-widget-container\">\n\t\t\t\t\t\t\t<div class=\"elementor-spacer\">\n\t\t\t<div class=\"elementor-spacer-inner\"><\/div>\n\t\t<\/div>\n\t\t\t\t\t\t<\/div>\n\t\t\t\t<\/div>\n\t\t\t\t<div class=\"elementor-element elementor-element-8c41dbb elementor-widget elementor-widget-text-editor\" data-id=\"8c41dbb\" data-element_type=\"widget\" data-e-type=\"widget\" data-widget_type=\"text-editor.default\">\n\t\t\t\t<div class=\"elementor-widget-container\">\n\t\t\t\t\t\t\t\t\t<p>Slujim umanit\u0103\u021bii astfel \u00eenc\u00e2t to\u021bi s\u0103 convie\u021buiasc\u0103 a\u0219a cum Dumnezeu a pl\u0103nuit!<\/p>\t\t\t\t\t\t\t\t<\/div>\n\t\t\t\t<\/div>\n\t\t\t\t<div class=\"elementor-element elementor-element-24aecaa4 elementor-widget elementor-widget-spacer\" data-id=\"24aecaa4\" data-element_type=\"widget\" data-e-type=\"widget\" data-widget_type=\"spacer.default\">\n\t\t\t\t<div class=\"elementor-widget-container\">\n\t\t\t\t\t\t\t<div class=\"elementor-spacer\">\n\t\t\t<div class=\"elementor-spacer-inner\"><\/div>\n\t\t<\/div>\n\t\t\t\t\t\t<\/div>\n\t\t\t\t<\/div>\n\t\t\t\t<div class=\"elementor-element elementor-element-3782753 authenia-angled elementor-widget elementor-widget-heading\" data-id=\"3782753\" data-element_type=\"widget\" data-e-type=\"widget\" data-widget_type=\"heading.default\">\n\t\t\t\t<div class=\"elementor-widget-container\">\n\t\t\t\t\t<h2 class=\"elementor-heading-title elementor-size-default\">Motto Nostru<\/h2>\t\t\t\t<\/div>\n\t\t\t\t<\/div>\n\t\t\t\t<div class=\"elementor-element elementor-element-9dbd80d elementor-widget elementor-widget-spacer\" data-id=\"9dbd80d\" data-element_type=\"widget\" data-e-type=\"widget\" data-widget_type=\"spacer.default\">\n\t\t\t\t<div class=\"elementor-widget-container\">\n\t\t\t\t\t\t\t<div class=\"elementor-spacer\">\n\t\t\t<div class=\"elementor-spacer-inner\"><\/div>\n\t\t<\/div>\n\t\t\t\t\t\t<\/div>\n\t\t\t\t<\/div>\n\t\t\t\t<div class=\"elementor-element elementor-element-c482904 elementor-widget elementor-widget-text-editor\" data-id=\"c482904\" data-element_type=\"widget\" data-e-type=\"widget\" data-widget_type=\"text-editor.default\">\n\t\t\t\t<div class=\"elementor-widget-container\">\n\t\t\t\t\t\t\t\t\t<p>Dreptate. Compasiune. Dragoste<\/p>\t\t\t\t\t\t\t\t<\/div>\n\t\t\t\t<\/div>\n\t\t\t\t<div class=\"elementor-element elementor-element-f06b426 elementor-widget elementor-widget-spacer\" data-id=\"f06b426\" data-element_type=\"widget\" data-e-type=\"widget\" data-widget_type=\"spacer.default\">\n\t\t\t\t<div class=\"elementor-widget-container\">\n\t\t\t\t\t\t\t<div class=\"elementor-spacer\">\n\t\t\t<div class=\"elementor-spacer-inner\"><\/div>\n\t\t<\/div>\n\t\t\t\t\t\t<\/div>\n\t\t\t\t<\/div>\n\t\t\t\t\t<\/div>\n\t\t<\/div>\n\t\t\t\t<div class=\"elementor-column elementor-col-33 elementor-top-column elementor-element elementor-element-7a5e8d81\" data-id=\"7a5e8d81\" data-element_type=\"column\" data-e-type=\"column\">\n\t\t\t<div class=\"elementor-widget-wrap\">\n\t\t\t\t\t\t\t<\/div>\n\t\t<\/div>\n\t\t\t\t\t<\/div>\n\t\t<\/section>\n\t\t\t\t<section class=\"elementor-section elementor-top-section elementor-element elementor-element-8a9fe1a elementor-section-boxed elementor-section-height-default elementor-section-height-default\" data-id=\"8a9fe1a\" data-element_type=\"section\" data-e-type=\"section\">\n\t\t\t\t\t\t<div class=\"elementor-container elementor-column-gap-default\">\n\t\t\t\t\t<div class=\"elementor-column elementor-col-100 elementor-top-column elementor-element elementor-element-d456c8b\" data-id=\"d456c8b\" data-element_type=\"column\" data-e-type=\"column\">\n\t\t\t<div class=\"elementor-widget-wrap elementor-element-populated\">\n\t\t\t\t\t\t<div class=\"elementor-element elementor-element-e0bbee1 elementor-widget elementor-widget-heading\" data-id=\"e0bbee1\" data-element_type=\"widget\" data-e-type=\"widget\" data-widget_type=\"heading.default\">\n\t\t\t\t<div class=\"elementor-widget-container\">\n\t\t\t\t\t<h2 class=\"elementor-heading-title elementor-size-default\">ADRA Moldova<\/h2>\t\t\t\t<\/div>\n\t\t\t\t<\/div>\n\t\t\t\t<div class=\"elementor-element elementor-element-d322055 elementor-widget elementor-widget-text-editor\" data-id=\"d322055\" data-element_type=\"widget\" data-e-type=\"widget\" data-widget_type=\"text-editor.default\">\n\t\t\t\t<div class=\"elementor-widget-container\">\n\t\t\t\t\t\t\t\t\t<p><strong>\u00a0<\/strong><span style=\"color: var( --e-global-color-text ); font-weight: var( --e-global-typography-text-font-weight ); font-family: 'Zilla Slab', sans-serif; font-size: 20px;\">\u00cenfiin\u021bat\u0103 \u00een 1990,\u00a0<\/span><span style=\"color: var( --e-global-color-text ); font-weight: bolder; font-family: 'Zilla Slab', sans-serif; font-size: 20px;\">Agen\u0163ia Adventist\u0103 pentru Dezvoltare, Refacere \u015fi Ajutor \u2013 ADRA Moldova<\/span><span style=\"color: var( --e-global-color-text ); font-weight: var( --e-global-typography-text-font-weight ); font-family: 'Zilla Slab', sans-serif; font-size: 20px;\">\u00a0se implic\u0103 \u00een special \u00een proiecte de dezvoltare de care beneficiaz\u0103 \u00eentreaga popula\u021bie \u0219i ofer\u0103 sprijin \u00een mod necondi\u021bionat indiferent de religia, rasa, etnia sau genul beneficiarilor.<\/span><\/p>\t\t\t\t\t\t\t\t<\/div>\n\t\t\t\t<\/div>\n\t\t\t\t<div class=\"elementor-element elementor-element-ca13a01 elementor-widget elementor-widget-heading\" data-id=\"ca13a01\" data-element_type=\"widget\" data-e-type=\"widget\" data-widget_type=\"heading.default\">\n\t\t\t\t<div class=\"elementor-widget-container\">\n\t\t\t\t\t<h2 class=\"elementor-heading-title elementor-size-default\">Expertiz\u0103<\/h2>\t\t\t\t<\/div>\n\t\t\t\t<\/div>\n\t\t\t\t<div class=\"elementor-element elementor-element-962b697 elementor-widget elementor-widget-text-editor\" data-id=\"962b697\" data-element_type=\"widget\" data-e-type=\"widget\" data-widget_type=\"text-editor.default\">\n\t\t\t\t<div class=\"elementor-widget-container\">\n\t\t\t\t\t\t\t\t\t<p>ADRA Moldova urm\u0103re\u015fte \u00eembun\u0103t\u0103\u0163irea calit\u0103\u0163ii vie\u0163ii pentru cei \u00een nevoie \u015fi investe\u015fte \u00een poten\u0163ialul oamenilor, prin ini\u0163iative de dezvoltare comunitar\u0103, ax\u00e2ndu-se pe cinci direc\u021bii principale de ac\u021biune: dezvoltare economic\u0103, educa\u0163ie \u0219i s\u0103n\u0103tate de baz\u0103, lupta \u00eempotriva violen\u021bei \u00een familie, asistarea victimelor dezastrelor naturale \u015fi asistarea categoriilor sociale defavorizate.\u00a0<\/p>\t\t\t\t\t\t\t\t<\/div>\n\t\t\t\t<\/div>\n\t\t\t\t\t<\/div>\n\t\t<\/div>\n\t\t\t\t\t<\/div>\n\t\t<\/section>\n\t\t\t\t<section class=\"elementor-section elementor-top-section elementor-element elementor-element-5e293fb1 elementor-section-full_width elementor-section-height-min-height elementor-section-content-middle elementor-section-height-default elementor-section-items-middle\" data-id=\"5e293fb1\" data-element_type=\"section\" data-e-type=\"section\" data-settings=\"{&quot;background_background&quot;:&quot;classic&quot;}\">\n\t\t\t\t\t\t<div class=\"elementor-container elementor-column-gap-default\">\n\t\t\t\t\t<div class=\"elementor-column elementor-col-33 elementor-top-column elementor-element elementor-element-3792b9b4\" data-id=\"3792b9b4\" data-element_type=\"column\" data-e-type=\"column\">\n\t\t\t<div class=\"elementor-widget-wrap\">\n\t\t\t\t\t\t\t<\/div>\n\t\t<\/div>\n\t\t\t\t<div class=\"elementor-column elementor-col-33 elementor-top-column elementor-element elementor-element-2ddb2517\" data-id=\"2ddb2517\" data-element_type=\"column\" data-e-type=\"column\">\n\t\t\t<div class=\"elementor-widget-wrap elementor-element-populated\">\n\t\t\t\t\t\t<div class=\"elementor-element elementor-element-220fd007 elementor-widget elementor-widget-counter\" data-id=\"220fd007\" data-element_type=\"widget\" data-e-type=\"widget\" data-widget_type=\"counter.default\">\n\t\t\t\t<div class=\"elementor-widget-container\">\n\t\t\t\t\t\t\t<div class=\"elementor-counter\">\n\t\t\t<div class=\"elementor-counter-title\">Countries <br> served<\/div>\t\t\t<div class=\"elementor-counter-number-wrapper\">\n\t\t\t\t<span class=\"elementor-counter-number-prefix\"><\/span>\n\t\t\t\t<span class=\"elementor-counter-number\" data-duration=\"2000\" data-to-value=\"118\" data-from-value=\"0\" data-delimiter=\",\">0<\/span>\n\t\t\t\t<span class=\"elementor-counter-number-suffix\"><\/span>\n\t\t\t<\/div>\n\t\t<\/div>\n\t\t\t\t\t\t<\/div>\n\t\t\t\t<\/div>\n\t\t\t\t\t<\/div>\n\t\t<\/div>\n\t\t\t\t<div class=\"elementor-column elementor-col-33 elementor-top-column elementor-element elementor-element-2c6b9b86\" data-id=\"2c6b9b86\" data-element_type=\"column\" data-e-type=\"column\">\n\t\t\t<div class=\"elementor-widget-wrap\">\n\t\t\t\t\t\t\t<\/div>\n\t\t<\/div>\n\t\t\t\t\t<\/div>\n\t\t<\/section>\n\t\t\t\t<\/div>","protected":false},"excerpt":{"rendered":"<p>\u00a0Agen\u0163ia Adventist\u0103 pentru Dezvoltare, Refacere \u015fi Ajutor\u00a0(ADRA)\u00a0este organiza\u021bia umanitar\u0103 global\u0103 a Bisericii Adventiste de Ziua a \u0218aptea. Printr-o re\u021bea interna\u021bional\u0103, ADRA ofer\u0103 asisten\u021b\u0103 de tip dezvoltare, refacere \u0219i ajutor \u00een mai mult de 130 de \u021b\u0103ri, indiferent de etnia, apartenen\u021ba politic\u0103 sau religioas\u0103 a persoanelor asistate. Prin parteneriat cu comunit\u0103\u021bi, organiza\u021bii \u0219i guverne, ADRA este [&hellip;]<\/p>\n","protected":false},"author":9,"featured_media":20899,"parent":0,"menu_order":0,"comment_status":"closed","ping_status":"closed","template":"","meta":{"_acf_changed":false,"footnotes":""},"class_list":["post-18336","page","type-page","status-publish","has-post-thumbnail","hentry"],"acf":[],"yoast_head":"<!-- This site is optimized with the Yoast SEO plugin v27.4 - https:\/\/yoast.com\/product\/yoast-seo-wordpress\/ -->\n<title>Cine suntem ? - ADRA Moldova<\/title>\n<meta name=\"robots\" content=\"index, follow, max-snippet:-1, max-image-preview:large, max-video-preview:-1\" \/>\n<link rel=\"canonical\" href=\"https:\/\/adra.md\/ru\/cine-suntem\/\" \/>\n<meta property=\"og:locale\" content=\"ru_RU\" \/>\n<meta property=\"og:type\" content=\"article\" \/>\n<meta property=\"og:title\" content=\"Cine suntem ? - ADRA Moldova\" \/>\n<meta property=\"og:description\" content=\"\u00a0Agen\u0163ia Adventist\u0103 pentru Dezvoltare, Refacere \u015fi Ajutor\u00a0(ADRA)\u00a0este organiza\u021bia umanitar\u0103 global\u0103 a Bisericii Adventiste de Ziua a \u0218aptea. Printr-o re\u021bea interna\u021bional\u0103, ADRA ofer\u0103 asisten\u021b\u0103 de tip dezvoltare, refacere \u0219i ajutor \u00een mai mult de 130 de \u021b\u0103ri, indiferent de etnia, apartenen\u021ba politic\u0103 sau religioas\u0103 a persoanelor asistate. Prin parteneriat cu comunit\u0103\u021bi, organiza\u021bii \u0219i guverne, ADRA este [&hellip;]\" \/>\n<meta property=\"og:url\" content=\"https:\/\/adra.md\/ru\/cine-suntem\/\" \/>\n<meta property=\"og:site_name\" content=\"ADRA Moldova\" \/>\n<meta property=\"article:modified_time\" content=\"2024-10-24T07:33:46+00:00\" \/>\n<meta property=\"og:image\" content=\"https:\/\/adra.md\/wp-content\/uploads\/2023\/11\/DSC4400-scaled.jpg\" \/>\n\t<meta property=\"og:image:width\" content=\"2560\" \/>\n\t<meta property=\"og:image:height\" content=\"1707\" \/>\n\t<meta property=\"og:image:type\" content=\"image\/jpeg\" \/>\n<meta name=\"twitter:card\" content=\"summary_large_image\" \/>\n<meta name=\"twitter:label1\" content=\"\u041f\u0440\u0438\u043c\u0435\u0440\u043d\u043e\u0435 \u0432\u0440\u0435\u043c\u044f \u0434\u043b\u044f \u0447\u0442\u0435\u043d\u0438\u044f\" \/>\n\t<meta name=\"twitter:data1\" content=\"1 \u043c\u0438\u043d\u0443\u0442\u0430\" \/>\n<script type=\"application\/ld+json\" class=\"yoast-schema-graph\">{\"@context\":\"https:\\\/\\\/schema.org\",\"@graph\":[{\"@type\":\"WebPage\",\"@id\":\"https:\\\/\\\/adra.md\\\/cine-suntem\\\/\",\"url\":\"https:\\\/\\\/adra.md\\\/cine-suntem\\\/\",\"name\":\"Cine suntem ? - ADRA Moldova\",\"isPartOf\":{\"@id\":\"https:\\\/\\\/adra.md\\\/#website\"},\"primaryImageOfPage\":{\"@id\":\"https:\\\/\\\/adra.md\\\/cine-suntem\\\/#primaryimage\"},\"image\":{\"@id\":\"https:\\\/\\\/adra.md\\\/cine-suntem\\\/#primaryimage\"},\"thumbnailUrl\":\"https:\\\/\\\/adra.md\\\/wp-content\\\/uploads\\\/2023\\\/11\\\/DSC4400-scaled.jpg\",\"datePublished\":\"2021-01-12T12:24:27+00:00\",\"dateModified\":\"2024-10-24T07:33:46+00:00\",\"breadcrumb\":{\"@id\":\"https:\\\/\\\/adra.md\\\/cine-suntem\\\/#breadcrumb\"},\"inLanguage\":\"ru-RU\",\"potentialAction\":[{\"@type\":\"ReadAction\",\"target\":[\"https:\\\/\\\/adra.md\\\/cine-suntem\\\/\"]}]},{\"@type\":\"ImageObject\",\"inLanguage\":\"ru-RU\",\"@id\":\"https:\\\/\\\/adra.md\\\/cine-suntem\\\/#primaryimage\",\"url\":\"https:\\\/\\\/adra.md\\\/wp-content\\\/uploads\\\/2023\\\/11\\\/DSC4400-scaled.jpg\",\"contentUrl\":\"https:\\\/\\\/adra.md\\\/wp-content\\\/uploads\\\/2023\\\/11\\\/DSC4400-scaled.jpg\",\"width\":2560,\"height\":1707},{\"@type\":\"BreadcrumbList\",\"@id\":\"https:\\\/\\\/adra.md\\\/cine-suntem\\\/#breadcrumb\",\"itemListElement\":[{\"@type\":\"ListItem\",\"position\":1,\"name\":\"Home\",\"item\":\"https:\\\/\\\/adra.md\\\/\"},{\"@type\":\"ListItem\",\"position\":2,\"name\":\"Cine suntem ?\"}]},{\"@type\":\"WebSite\",\"@id\":\"https:\\\/\\\/adra.md\\\/#website\",\"url\":\"https:\\\/\\\/adra.md\\\/\",\"name\":\"ADRA Moldova\",\"description\":\"Agen\u0163ia Adventist\u0103 pentru Dezvoltare, Refacere \u015fi Ajutor\",\"publisher\":{\"@id\":\"https:\\\/\\\/adra.md\\\/#organization\"},\"potentialAction\":[{\"@type\":\"SearchAction\",\"target\":{\"@type\":\"EntryPoint\",\"urlTemplate\":\"https:\\\/\\\/adra.md\\\/?s={search_term_string}\"},\"query-input\":{\"@type\":\"PropertyValueSpecification\",\"valueRequired\":true,\"valueName\":\"search_term_string\"}}],\"inLanguage\":\"ru-RU\"},{\"@type\":\"Organization\",\"@id\":\"https:\\\/\\\/adra.md\\\/#organization\",\"name\":\"ADRA Moldova\",\"url\":\"https:\\\/\\\/adra.md\\\/\",\"logo\":{\"@type\":\"ImageObject\",\"inLanguage\":\"ru-RU\",\"@id\":\"https:\\\/\\\/adra.md\\\/#\\\/schema\\\/logo\\\/image\\\/\",\"url\":\"https:\\\/\\\/adra.md\\\/wp-content\\\/uploads\\\/2019\\\/11\\\/group-435.png\",\"contentUrl\":\"https:\\\/\\\/adra.md\\\/wp-content\\\/uploads\\\/2019\\\/11\\\/group-435.png\",\"width\":500,\"height\":133,\"caption\":\"ADRA Moldova\"},\"image\":{\"@id\":\"https:\\\/\\\/adra.md\\\/#\\\/schema\\\/logo\\\/image\\\/\"}}]}<\/script>\n<!-- \/ Yoast SEO plugin. -->","yoast_head_json":{"title":"Cine suntem ? - ADRA Moldova","robots":{"index":"index","follow":"follow","max-snippet":"max-snippet:-1","max-image-preview":"max-image-preview:large","max-video-preview":"max-video-preview:-1"},"canonical":"https:\/\/adra.md\/ru\/cine-suntem\/","og_locale":"ru_RU","og_type":"article","og_title":"Cine suntem ? - ADRA Moldova","og_description":"\u00a0Agen\u0163ia Adventist\u0103 pentru Dezvoltare, Refacere \u015fi Ajutor\u00a0(ADRA)\u00a0este organiza\u021bia umanitar\u0103 global\u0103 a Bisericii Adventiste de Ziua a \u0218aptea. Printr-o re\u021bea interna\u021bional\u0103, ADRA ofer\u0103 asisten\u021b\u0103 de tip dezvoltare, refacere \u0219i ajutor \u00een mai mult de 130 de \u021b\u0103ri, indiferent de etnia, apartenen\u021ba politic\u0103 sau religioas\u0103 a persoanelor asistate. Prin parteneriat cu comunit\u0103\u021bi, organiza\u021bii \u0219i guverne, ADRA este [&hellip;]","og_url":"https:\/\/adra.md\/ru\/cine-suntem\/","og_site_name":"ADRA Moldova","article_modified_time":"2024-10-24T07:33:46+00:00","og_image":[{"width":2560,"height":1707,"url":"https:\/\/adra.md\/wp-content\/uploads\/2023\/11\/DSC4400-scaled.jpg","type":"image\/jpeg"}],"twitter_card":"summary_large_image","twitter_misc":{"\u041f\u0440\u0438\u043c\u0435\u0440\u043d\u043e\u0435 \u0432\u0440\u0435\u043c\u044f \u0434\u043b\u044f \u0447\u0442\u0435\u043d\u0438\u044f":"1 \u043c\u0438\u043d\u0443\u0442\u0430"},"schema":{"@context":"https:\/\/schema.org","@graph":[{"@type":"WebPage","@id":"https:\/\/adra.md\/cine-suntem\/","url":"https:\/\/adra.md\/cine-suntem\/","name":"Cine suntem ? - ADRA Moldova","isPartOf":{"@id":"https:\/\/adra.md\/#website"},"primaryImageOfPage":{"@id":"https:\/\/adra.md\/cine-suntem\/#primaryimage"},"image":{"@id":"https:\/\/adra.md\/cine-suntem\/#primaryimage"},"thumbnailUrl":"https:\/\/adra.md\/wp-content\/uploads\/2023\/11\/DSC4400-scaled.jpg","datePublished":"2021-01-12T12:24:27+00:00","dateModified":"2024-10-24T07:33:46+00:00","breadcrumb":{"@id":"https:\/\/adra.md\/cine-suntem\/#breadcrumb"},"inLanguage":"ru-RU","potentialAction":[{"@type":"ReadAction","target":["https:\/\/adra.md\/cine-suntem\/"]}]},{"@type":"ImageObject","inLanguage":"ru-RU","@id":"https:\/\/adra.md\/cine-suntem\/#primaryimage","url":"https:\/\/adra.md\/wp-content\/uploads\/2023\/11\/DSC4400-scaled.jpg","contentUrl":"https:\/\/adra.md\/wp-content\/uploads\/2023\/11\/DSC4400-scaled.jpg","width":2560,"height":1707},{"@type":"BreadcrumbList","@id":"https:\/\/adra.md\/cine-suntem\/#breadcrumb","itemListElement":[{"@type":"ListItem","position":1,"name":"Home","item":"https:\/\/adra.md\/"},{"@type":"ListItem","position":2,"name":"Cine suntem ?"}]},{"@type":"WebSite","@id":"https:\/\/adra.md\/#website","url":"https:\/\/adra.md\/","name":"ADRA Moldova","description":"Agen\u0163ia Adventist\u0103 pentru Dezvoltare, Refacere \u015fi Ajutor","publisher":{"@id":"https:\/\/adra.md\/#organization"},"potentialAction":[{"@type":"SearchAction","target":{"@type":"EntryPoint","urlTemplate":"https:\/\/adra.md\/?s={search_term_string}"},"query-input":{"@type":"PropertyValueSpecification","valueRequired":true,"valueName":"search_term_string"}}],"inLanguage":"ru-RU"},{"@type":"Organization","@id":"https:\/\/adra.md\/#organization","name":"ADRA Moldova","url":"https:\/\/adra.md\/","logo":{"@type":"ImageObject","inLanguage":"ru-RU","@id":"https:\/\/adra.md\/#\/schema\/logo\/image\/","url":"https:\/\/adra.md\/wp-content\/uploads\/2019\/11\/group-435.png","contentUrl":"https:\/\/adra.md\/wp-content\/uploads\/2019\/11\/group-435.png","width":500,"height":133,"caption":"ADRA Moldova"},"image":{"@id":"https:\/\/adra.md\/#\/schema\/logo\/image\/"}}]}},"_links":{"self":[{"href":"https:\/\/adra.md\/ru\/wp-json\/wp\/v2\/pages\/18336","targetHints":{"allow":["GET"]}}],"collection":[{"href":"https:\/\/adra.md\/ru\/wp-json\/wp\/v2\/pages"}],"about":[{"href":"https:\/\/adra.md\/ru\/wp-json\/wp\/v2\/types\/page"}],"author":[{"embeddable":true,"href":"https:\/\/adra.md\/ru\/wp-json\/wp\/v2\/users\/9"}],"replies":[{"embeddable":true,"href":"https:\/\/adra.md\/ru\/wp-json\/wp\/v2\/comments?post=18336"}],"version-history":[{"count":22,"href":"https:\/\/adra.md\/ru\/wp-json\/wp\/v2\/pages\/18336\/revisions"}],"predecessor-version":[{"id":21883,"href":"https:\/\/adra.md\/ru\/wp-json\/wp\/v2\/pages\/18336\/revisions\/21883"}],"wp:featuredmedia":[{"embeddable":true,"href":"https:\/\/adra.md\/ru\/wp-json\/wp\/v2\/media\/20899"}],"wp:attachment":[{"href":"https:\/\/adra.md\/ru\/wp-json\/wp\/v2\/media?parent=18336"}],"curies":[{"name":"wp","href":"https:\/\/api.w.org\/{rel}","templated":true}]}}