{"id":18698,"date":"2022-02-21T11:47:09","date_gmt":"2022-02-21T11:47:09","guid":{"rendered":"https:\/\/adra.md\/?page_id=18698"},"modified":"2022-02-21T12:32:49","modified_gmt":"2022-02-21T12:32:49","slug":"ca-sponsor","status":"publish","type":"page","link":"https:\/\/adra.md\/ru\/cine-suntem\/ca-sponsor\/","title":{"rendered":"Ca sponsor"},"content":{"rendered":"<div data-elementor-type=\"wp-page\" data-elementor-id=\"18698\" class=\"elementor elementor-18698\" data-elementor-post-type=\"page\">\n\t\t\t\t\t\t<section class=\"elementor-section elementor-top-section elementor-element elementor-element-48b5dfa elementor-section-full_width elementor-section-height-min-height elementor-section-height-default elementor-section-items-middle\" data-id=\"48b5dfa\" data-element_type=\"section\" data-e-type=\"section\" data-settings=\"{&quot;background_background&quot;:&quot;classic&quot;}\">\n\t\t\t\t\t\t<div class=\"elementor-container elementor-column-gap-default\">\n\t\t\t\t\t<div class=\"elementor-column elementor-col-100 elementor-top-column elementor-element elementor-element-42a5408\" data-id=\"42a5408\" data-element_type=\"column\" data-e-type=\"column\">\n\t\t\t<div class=\"elementor-widget-wrap elementor-element-populated\">\n\t\t\t\t\t\t<div class=\"elementor-element elementor-element-1128ea3 elementor-widget elementor-widget-heading\" data-id=\"1128ea3\" data-element_type=\"widget\" data-e-type=\"widget\" authenia=\"true\" data-widget_type=\"heading.default\">\n\t\t\t\t<div class=\"elementor-widget-container\">\n\t\t\t\t\t<h1 class=\"elementor-heading-title elementor-size-default\">Ca sponsor<\/h1>\t\t\t\t<\/div>\n\t\t\t\t<\/div>\n\t\t\t\t\t<\/div>\n\t\t<\/div>\n\t\t\t\t\t<\/div>\n\t\t<\/section>\n\t\t\t\t<section class=\"elementor-section elementor-top-section elementor-element elementor-element-55e4553 elementor-section-boxed elementor-section-height-default elementor-section-height-default\" data-id=\"55e4553\" data-element_type=\"section\" data-e-type=\"section\">\n\t\t\t\t\t\t<div class=\"elementor-container elementor-column-gap-default\">\n\t\t\t\t\t<div class=\"elementor-column elementor-col-100 elementor-top-column elementor-element elementor-element-86a0e83\" data-id=\"86a0e83\" data-element_type=\"column\" data-e-type=\"column\">\n\t\t\t<div class=\"elementor-widget-wrap elementor-element-populated\">\n\t\t\t\t\t\t<div class=\"elementor-element elementor-element-78f43c6 elementor-widget elementor-widget-heading\" data-id=\"78f43c6\" data-element_type=\"widget\" data-e-type=\"widget\" data-widget_type=\"heading.default\">\n\t\t\t\t<div class=\"elementor-widget-container\">\n\t\t\t\t\t<h2 class=\"elementor-heading-title elementor-size-default\">\nPersoan\u0103 juridic\u0103<\/h2>\t\t\t\t<\/div>\n\t\t\t\t<\/div>\n\t\t\t\t<div class=\"elementor-element elementor-element-ba9d41e elementor-widget elementor-widget-heading\" data-id=\"ba9d41e\" data-element_type=\"widget\" data-e-type=\"widget\" data-widget_type=\"heading.default\">\n\t\t\t\t<div class=\"elementor-widget-container\">\n\t\t\t\t\t<h2 class=\"elementor-heading-title elementor-size-default\">1. Prevederea<\/h2>\t\t\t\t<\/div>\n\t\t\t\t<\/div>\n\t\t\t\t<div class=\"elementor-element elementor-element-6f4ba79 elementor-widget elementor-widget-text-editor\" data-id=\"6f4ba79\" data-element_type=\"widget\" data-e-type=\"widget\" data-widget_type=\"text-editor.default\">\n\t\t\t\t<div class=\"elementor-widget-container\">\n\t\t\t\t\t\t\t\t\t<p>Codul Fiscal \u00een art. 25, alin. 4, lit.i prevede anumite facilit\u0103\u0163i fiscale pentru persoanele juridice care contribuie financiar prin sponsoriz\u0103ri.<\/p>\t\t\t\t\t\t\t\t<\/div>\n\t\t\t\t<\/div>\n\t\t\t\t<div class=\"elementor-element elementor-element-26b6a1e elementor-widget elementor-widget-heading\" data-id=\"26b6a1e\" data-element_type=\"widget\" data-e-type=\"widget\" data-widget_type=\"heading.default\">\n\t\t\t\t<div class=\"elementor-widget-container\">\n\t\t\t\t\t<h2 class=\"elementor-heading-title elementor-size-default\">2. Ce este prevederea<\/h2>\t\t\t\t<\/div>\n\t\t\t\t<\/div>\n\t\t\t\t<div class=\"elementor-element elementor-element-41934b5 elementor-widget elementor-widget-text-editor\" data-id=\"41934b5\" data-element_type=\"widget\" data-e-type=\"widget\" data-widget_type=\"text-editor.default\">\n\t\t\t\t<div class=\"elementor-widget-container\">\n\t\t\t\t\t\t\t\t\t<p>Sponsoriz\u0103rile nu sunt considerate cheltuieli deductibile, deci nu mic\u015foreaz\u0103 baza de calcul. Avantajul const\u0103 \u00een faptul c\u0103, dac\u0103 respect\u0103 cele 2 condi\u0163ii cumulative (cel mult egal cu 0,5% din cifra de afaceri \u015fi cel mult egal cu 20 la sut\u0103 din impozitul pe profit datorat), ele se scad direct din impozit. \u00cen felul acesta, respectiva sponsorizare este suportat\u0103 de c\u0103tre stat.<\/p><p>Codul Fiscal \u00een art. 25, alin. 4, lit.:<\/p><p>\u201d\u200bi) cheltuielile de sponsorizare \u015fi\/sau mecenat \u015fi cheltuielile privind bursele private, acordate potrivit legii; contribuabilii care efectueaz\u0103 sponsoriz\u0103ri \u015fi\/sau acte de mecenat, potrivit prevederilor Legii nr. 32\/1994 privind sponsorizarea, cu modific\u0103rile \u015fi complet\u0103rile ulterioare, \u015fi ale Legii bibliotecilor nr. 334\/2002, republicat\u0103, cu modific\u0103rile \u015fi complet\u0103rile ulterioare, precum \u015fi cei care acord\u0103 burse private, potrivit legii, scad sumele aferente din impozitul pe profit datorat la nivelul valorii minime dintre urm\u0103toarele:<br \/>1. valoarea calculat\u0103 prin aplicarea a 0,5% la cifra de afaceri; pentru situa\u0163iile \u00een care reglement\u0103rile contabile aplicabile nu definesc indicatorul cifra de afaceri, aceast\u0103 limit\u0103 se determin\u0103 potrivit normelor;<br \/>2. valoarea reprezent\u00e2nd 20% din impozitul pe profit datorat.<br \/>Sumele care nu sunt sc\u0103zute din impozitul pe profit, potrivit prevederilor prezentei litere, se reporteaz\u0103 \u00een urm\u0103torii 7 ani consecutivi. Recuperarea acestor sume se va efectua \u00een ordinea \u00eenregistr\u0103rii acestora, \u00een acelea\u015fi condi\u0163ii, la fiecare termen de plat\u0103 a impozitului pe profit.\u200b\u201d<\/p>\t\t\t\t\t\t\t\t<\/div>\n\t\t\t\t<\/div>\n\t\t\t\t<div class=\"elementor-element elementor-element-6d7c251 elementor-widget elementor-widget-heading\" data-id=\"6d7c251\" data-element_type=\"widget\" data-e-type=\"widget\" data-widget_type=\"heading.default\">\n\t\t\t\t<div class=\"elementor-widget-container\">\n\t\t\t\t\t<h2 class=\"elementor-heading-title elementor-size-default\">3. Cine poate beneficia<\/h2>\t\t\t\t<\/div>\n\t\t\t\t<\/div>\n\t\t\t\t<div class=\"elementor-element elementor-element-90a776c elementor-widget elementor-widget-text-editor\" data-id=\"90a776c\" data-element_type=\"widget\" data-e-type=\"widget\" data-widget_type=\"text-editor.default\">\n\t\t\t\t<div class=\"elementor-widget-container\">\n\t\t\t\t\t\t\t\t\t<ul><li>persoane juridice rom\u00e2ne pentru profit ob\u0163inut \u00een \u0163ar\u0103 sau afar\u0103;<\/li><li>persoane juridice str\u0103ine pentru profitul ob\u0163inut pe teritoriul Rom\u00e2niei.<\/li><\/ul><p>Astfel:<\/p><ul><li>Persoane juridice rom\u00e2ne ce ob\u0163in profit din orice surs\u0103 intern\u0103 sau extern\u0103<\/li><li>Persoane juridice str\u0103ine ce ob\u0163in profit din activit\u0103\u0163ile sediului permanent aflat pe teritoriul Rom\u00e2niei<\/li><li>Persoane juridice str\u0103ine ce ob\u0163in profit din propriet\u0103\u0163i imobiliare \u00een Rom\u00e2nia<\/li><li>Persoane juridice str\u0103ine asociate cu persoane nerezidente pentru partea din profit realizat \u00een Rom\u00e2nia de c\u0103tre respectiva asocia\u0163ie f\u0103r\u0103 personalitate juridic\u0103.<\/li><li>persoane juridice rom\u00e2ne asociate cu persoane rezidente pentru partea din profit realizat de c\u0103tre respectiva asocia\u0163ie f\u0103r\u0103 personalitate juridic\u0103 \u00een Rom\u00e2nia sau \u00een str\u0103in\u0103tate<\/li><\/ul>\t\t\t\t\t\t\t\t<\/div>\n\t\t\t\t<\/div>\n\t\t\t\t<div class=\"elementor-element elementor-element-917814c elementor-widget elementor-widget-heading\" data-id=\"917814c\" data-element_type=\"widget\" data-e-type=\"widget\" data-widget_type=\"heading.default\">\n\t\t\t\t<div class=\"elementor-widget-container\">\n\t\t\t\t\t<h2 class=\"elementor-heading-title elementor-size-default\">4. Care este modalitatea<\/h2>\t\t\t\t<\/div>\n\t\t\t\t<\/div>\n\t\t\t\t<div class=\"elementor-element elementor-element-4db8a2f elementor-widget elementor-widget-text-editor\" data-id=\"4db8a2f\" data-element_type=\"widget\" data-e-type=\"widget\" data-widget_type=\"text-editor.default\">\n\t\t\t\t<div class=\"elementor-widget-container\">\n\t\t\t\t\t\t\t\t\t<p>Pa\u015fi:<\/p><ol><li>solicit\u0103 draft-ul contractului de sponsorizare la adresa\u00a0<a href=\"mailto:office@adra.ro\">office@adra.ro<\/a>;<\/li><li>\u00eencheierea contractului de sponsorizare, conform legii, \u00eentre ADRA Rom\u00e2nia \u015fi sponsorul persoana juridic\u0103;<\/li><li>\u00eenregistrarea \u015fi operarea sponsoriz\u0103rii \u00een contabilitatea sponsorului;<\/li><li>calcularea impozitului \u015fi sc\u0103derea sponsoriz\u0103rii din suma datorat\u0103 ca impozit, trimestrial, regularizarea f\u0103c\u00e2ndu-se la sf\u00e2r\u015fitul anului.<\/li><\/ol>\t\t\t\t\t\t\t\t<\/div>\n\t\t\t\t<\/div>\n\t\t\t\t<div class=\"elementor-element elementor-element-792b741 elementor-widget elementor-widget-heading\" data-id=\"792b741\" data-element_type=\"widget\" data-e-type=\"widget\" data-widget_type=\"heading.default\">\n\t\t\t\t<div class=\"elementor-widget-container\">\n\t\t\t\t\t<h2 class=\"elementor-heading-title elementor-size-default\">5. De ce este bine<\/h2>\t\t\t\t<\/div>\n\t\t\t\t<\/div>\n\t\t\t\t<div class=\"elementor-element elementor-element-734ad98 elementor-widget elementor-widget-text-editor\" data-id=\"734ad98\" data-element_type=\"widget\" data-e-type=\"widget\" data-widget_type=\"text-editor.default\">\n\t\t\t\t<div class=\"elementor-widget-container\">\n\t\t\t\t\t\t\t\t\t<ul><li>Sponsorizarea este suportat\u0103 de c\u0103tre stat, fiind sc\u0103zut\u0103 direct din impozitul datorat. Pute\u0163i astfel decide ce vre\u0163i s\u0103 se fac\u0103 cu o parte din banii datora\u0163i statului.\u00a0 Sunt bani publici, deci nu v\u0103 cost\u0103!<\/li><li>Beneficia\u0163i de deduceri fiscale conform prevederilor legii.<\/li><li>Procedura este transparent\u0103. Firma de\u0163ine controlul fondurilor.<\/li><li>Imaginea firmei beneficiaz\u0103 de promovare pozitiv\u0103 \u00een r\u00e2ndul comunit\u0103\u0163ii \u00een care ADRA Romania \u00ee\u015fi desf\u0103\u015foar\u0103 activitatea.<\/li><li>Dac\u0103 societatea comercial\u0103 nu a avut profit, aceasta poate sa apeleze la creditul fiscal. Aceasta \u00eei permite s\u0103 realizeze sponsorizari chiar dac\u0103 nu ob\u021bine profit \u00een anul respectiv, suma fiind acoperi\u0103 de un credit fiscal disponibil pe o perioad\u0103 de \u0219apte ani. Pe m\u0103sur\u0103 ce situa\u021bia companiei se \u00eembun\u0103t\u0103\u021be\u0219te, firma \u00ee\u0219i poate deduce din impozitul pe profit viitor sponsoriz\u0103rile realizate \u00een anii preceden\u021bi \u0219i acumulate \u00een creditul fiscal.<\/li><\/ul><p>Decide azi s\u0103 faci o schimbare!<\/p><p>Schimb\u0103 o via\u021b\u0103 \u0219i vei schimba lumea!<\/p>\t\t\t\t\t\t\t\t<\/div>\n\t\t\t\t<\/div>\n\t\t\t\t\t<\/div>\n\t\t<\/div>\n\t\t\t\t\t<\/div>\n\t\t<\/section>\n\t\t\t\t<\/div>","protected":false},"excerpt":{"rendered":"<p>Ca sponsor Persoan\u0103 juridic\u0103 1. Prevederea Codul Fiscal \u00een art. 25, alin. 4, lit.i prevede anumite facilit\u0103\u0163i fiscale pentru persoanele juridice care contribuie financiar prin sponsoriz\u0103ri. 2. Ce este prevederea Sponsoriz\u0103rile nu sunt considerate cheltuieli deductibile, deci nu mic\u015foreaz\u0103 baza de calcul. Avantajul const\u0103 \u00een faptul c\u0103, dac\u0103 respect\u0103 cele 2 condi\u0163ii cumulative (cel mult [&hellip;]<\/p>\n","protected":false},"author":9,"featured_media":9957,"parent":18336,"menu_order":0,"comment_status":"closed","ping_status":"closed","template":"","meta":{"_acf_changed":false,"footnotes":""},"class_list":["post-18698","page","type-page","status-publish","has-post-thumbnail","hentry"],"acf":[],"yoast_head":"<!-- This site is optimized with the Yoast SEO plugin v27.4 - https:\/\/yoast.com\/product\/yoast-seo-wordpress\/ -->\n<title>Ca sponsor - ADRA Moldova<\/title>\n<meta name=\"robots\" content=\"index, follow, max-snippet:-1, max-image-preview:large, max-video-preview:-1\" \/>\n<link rel=\"canonical\" href=\"https:\/\/adra.md\/ru\/cine-suntem\/ca-sponsor\/\" \/>\n<meta property=\"og:locale\" content=\"ru_RU\" \/>\n<meta property=\"og:type\" content=\"article\" \/>\n<meta property=\"og:title\" content=\"Ca sponsor - ADRA Moldova\" \/>\n<meta property=\"og:description\" content=\"Ca sponsor Persoan\u0103 juridic\u0103 1. Prevederea Codul Fiscal \u00een art. 25, alin. 4, lit.i prevede anumite facilit\u0103\u0163i fiscale pentru persoanele juridice care contribuie financiar prin sponsoriz\u0103ri. 2. Ce este prevederea Sponsoriz\u0103rile nu sunt considerate cheltuieli deductibile, deci nu mic\u015foreaz\u0103 baza de calcul. Avantajul const\u0103 \u00een faptul c\u0103, dac\u0103 respect\u0103 cele 2 condi\u0163ii cumulative (cel mult [&hellip;]\" \/>\n<meta property=\"og:url\" content=\"https:\/\/adra.md\/ru\/cine-suntem\/ca-sponsor\/\" \/>\n<meta property=\"og:site_name\" content=\"ADRA Moldova\" \/>\n<meta property=\"article:modified_time\" content=\"2022-02-21T12:32:49+00:00\" \/>\n<meta property=\"og:image\" content=\"https:\/\/adra.md\/wp-content\/uploads\/2019\/11\/dsc_3856-2-from-michael-e1570152484120.jpg\" \/>\n\t<meta property=\"og:image:width\" content=\"6327\" \/>\n\t<meta property=\"og:image:height\" content=\"4223\" \/>\n\t<meta property=\"og:image:type\" content=\"image\/jpeg\" \/>\n<meta name=\"twitter:card\" content=\"summary_large_image\" \/>\n<meta name=\"twitter:label1\" content=\"\u041f\u0440\u0438\u043c\u0435\u0440\u043d\u043e\u0435 \u0432\u0440\u0435\u043c\u044f \u0434\u043b\u044f \u0447\u0442\u0435\u043d\u0438\u044f\" \/>\n\t<meta name=\"twitter:data1\" content=\"3 \u043c\u0438\u043d\u0443\u0442\u044b\" \/>\n<script type=\"application\/ld+json\" class=\"yoast-schema-graph\">{\"@context\":\"https:\\\/\\\/schema.org\",\"@graph\":[{\"@type\":\"WebPage\",\"@id\":\"https:\\\/\\\/adra.md\\\/cine-suntem\\\/ca-sponsor\\\/\",\"url\":\"https:\\\/\\\/adra.md\\\/cine-suntem\\\/ca-sponsor\\\/\",\"name\":\"Ca sponsor - ADRA Moldova\",\"isPartOf\":{\"@id\":\"https:\\\/\\\/adra.md\\\/#website\"},\"primaryImageOfPage\":{\"@id\":\"https:\\\/\\\/adra.md\\\/cine-suntem\\\/ca-sponsor\\\/#primaryimage\"},\"image\":{\"@id\":\"https:\\\/\\\/adra.md\\\/cine-suntem\\\/ca-sponsor\\\/#primaryimage\"},\"thumbnailUrl\":\"https:\\\/\\\/adra.md\\\/wp-content\\\/uploads\\\/2019\\\/11\\\/dsc_3856-2-from-michael-e1570152484120.jpg\",\"datePublished\":\"2022-02-21T11:47:09+00:00\",\"dateModified\":\"2022-02-21T12:32:49+00:00\",\"breadcrumb\":{\"@id\":\"https:\\\/\\\/adra.md\\\/cine-suntem\\\/ca-sponsor\\\/#breadcrumb\"},\"inLanguage\":\"ru-RU\",\"potentialAction\":[{\"@type\":\"ReadAction\",\"target\":[\"https:\\\/\\\/adra.md\\\/cine-suntem\\\/ca-sponsor\\\/\"]}]},{\"@type\":\"ImageObject\",\"inLanguage\":\"ru-RU\",\"@id\":\"https:\\\/\\\/adra.md\\\/cine-suntem\\\/ca-sponsor\\\/#primaryimage\",\"url\":\"https:\\\/\\\/adra.md\\\/wp-content\\\/uploads\\\/2019\\\/11\\\/dsc_3856-2-from-michael-e1570152484120.jpg\",\"contentUrl\":\"https:\\\/\\\/adra.md\\\/wp-content\\\/uploads\\\/2019\\\/11\\\/dsc_3856-2-from-michael-e1570152484120.jpg\",\"width\":6327,\"height\":4223},{\"@type\":\"BreadcrumbList\",\"@id\":\"https:\\\/\\\/adra.md\\\/cine-suntem\\\/ca-sponsor\\\/#breadcrumb\",\"itemListElement\":[{\"@type\":\"ListItem\",\"position\":1,\"name\":\"Home\",\"item\":\"https:\\\/\\\/adra.md\\\/\"},{\"@type\":\"ListItem\",\"position\":2,\"name\":\"Cine suntem ?\",\"item\":\"https:\\\/\\\/adra.md\\\/cine-suntem\\\/\"},{\"@type\":\"ListItem\",\"position\":3,\"name\":\"Ca sponsor\"}]},{\"@type\":\"WebSite\",\"@id\":\"https:\\\/\\\/adra.md\\\/#website\",\"url\":\"https:\\\/\\\/adra.md\\\/\",\"name\":\"ADRA Moldova\",\"description\":\"Agen\u0163ia Adventist\u0103 pentru Dezvoltare, Refacere \u015fi Ajutor\",\"publisher\":{\"@id\":\"https:\\\/\\\/adra.md\\\/#organization\"},\"potentialAction\":[{\"@type\":\"SearchAction\",\"target\":{\"@type\":\"EntryPoint\",\"urlTemplate\":\"https:\\\/\\\/adra.md\\\/?s={search_term_string}\"},\"query-input\":{\"@type\":\"PropertyValueSpecification\",\"valueRequired\":true,\"valueName\":\"search_term_string\"}}],\"inLanguage\":\"ru-RU\"},{\"@type\":\"Organization\",\"@id\":\"https:\\\/\\\/adra.md\\\/#organization\",\"name\":\"ADRA Moldova\",\"url\":\"https:\\\/\\\/adra.md\\\/\",\"logo\":{\"@type\":\"ImageObject\",\"inLanguage\":\"ru-RU\",\"@id\":\"https:\\\/\\\/adra.md\\\/#\\\/schema\\\/logo\\\/image\\\/\",\"url\":\"https:\\\/\\\/adra.md\\\/wp-content\\\/uploads\\\/2019\\\/11\\\/group-435.png\",\"contentUrl\":\"https:\\\/\\\/adra.md\\\/wp-content\\\/uploads\\\/2019\\\/11\\\/group-435.png\",\"width\":500,\"height\":133,\"caption\":\"ADRA Moldova\"},\"image\":{\"@id\":\"https:\\\/\\\/adra.md\\\/#\\\/schema\\\/logo\\\/image\\\/\"}}]}<\/script>\n<!-- \/ Yoast SEO plugin. -->","yoast_head_json":{"title":"Ca sponsor - ADRA Moldova","robots":{"index":"index","follow":"follow","max-snippet":"max-snippet:-1","max-image-preview":"max-image-preview:large","max-video-preview":"max-video-preview:-1"},"canonical":"https:\/\/adra.md\/ru\/cine-suntem\/ca-sponsor\/","og_locale":"ru_RU","og_type":"article","og_title":"Ca sponsor - ADRA Moldova","og_description":"Ca sponsor Persoan\u0103 juridic\u0103 1. Prevederea Codul Fiscal \u00een art. 25, alin. 4, lit.i prevede anumite facilit\u0103\u0163i fiscale pentru persoanele juridice care contribuie financiar prin sponsoriz\u0103ri. 2. Ce este prevederea Sponsoriz\u0103rile nu sunt considerate cheltuieli deductibile, deci nu mic\u015foreaz\u0103 baza de calcul. Avantajul const\u0103 \u00een faptul c\u0103, dac\u0103 respect\u0103 cele 2 condi\u0163ii cumulative (cel mult [&hellip;]","og_url":"https:\/\/adra.md\/ru\/cine-suntem\/ca-sponsor\/","og_site_name":"ADRA Moldova","article_modified_time":"2022-02-21T12:32:49+00:00","og_image":[{"width":6327,"height":4223,"url":"https:\/\/adra.md\/wp-content\/uploads\/2019\/11\/dsc_3856-2-from-michael-e1570152484120.jpg","type":"image\/jpeg"}],"twitter_card":"summary_large_image","twitter_misc":{"\u041f\u0440\u0438\u043c\u0435\u0440\u043d\u043e\u0435 \u0432\u0440\u0435\u043c\u044f \u0434\u043b\u044f \u0447\u0442\u0435\u043d\u0438\u044f":"3 \u043c\u0438\u043d\u0443\u0442\u044b"},"schema":{"@context":"https:\/\/schema.org","@graph":[{"@type":"WebPage","@id":"https:\/\/adra.md\/cine-suntem\/ca-sponsor\/","url":"https:\/\/adra.md\/cine-suntem\/ca-sponsor\/","name":"Ca sponsor - ADRA Moldova","isPartOf":{"@id":"https:\/\/adra.md\/#website"},"primaryImageOfPage":{"@id":"https:\/\/adra.md\/cine-suntem\/ca-sponsor\/#primaryimage"},"image":{"@id":"https:\/\/adra.md\/cine-suntem\/ca-sponsor\/#primaryimage"},"thumbnailUrl":"https:\/\/adra.md\/wp-content\/uploads\/2019\/11\/dsc_3856-2-from-michael-e1570152484120.jpg","datePublished":"2022-02-21T11:47:09+00:00","dateModified":"2022-02-21T12:32:49+00:00","breadcrumb":{"@id":"https:\/\/adra.md\/cine-suntem\/ca-sponsor\/#breadcrumb"},"inLanguage":"ru-RU","potentialAction":[{"@type":"ReadAction","target":["https:\/\/adra.md\/cine-suntem\/ca-sponsor\/"]}]},{"@type":"ImageObject","inLanguage":"ru-RU","@id":"https:\/\/adra.md\/cine-suntem\/ca-sponsor\/#primaryimage","url":"https:\/\/adra.md\/wp-content\/uploads\/2019\/11\/dsc_3856-2-from-michael-e1570152484120.jpg","contentUrl":"https:\/\/adra.md\/wp-content\/uploads\/2019\/11\/dsc_3856-2-from-michael-e1570152484120.jpg","width":6327,"height":4223},{"@type":"BreadcrumbList","@id":"https:\/\/adra.md\/cine-suntem\/ca-sponsor\/#breadcrumb","itemListElement":[{"@type":"ListItem","position":1,"name":"Home","item":"https:\/\/adra.md\/"},{"@type":"ListItem","position":2,"name":"Cine suntem ?","item":"https:\/\/adra.md\/cine-suntem\/"},{"@type":"ListItem","position":3,"name":"Ca sponsor"}]},{"@type":"WebSite","@id":"https:\/\/adra.md\/#website","url":"https:\/\/adra.md\/","name":"ADRA Moldova","description":"Agen\u0163ia Adventist\u0103 pentru Dezvoltare, Refacere \u015fi Ajutor","publisher":{"@id":"https:\/\/adra.md\/#organization"},"potentialAction":[{"@type":"SearchAction","target":{"@type":"EntryPoint","urlTemplate":"https:\/\/adra.md\/?s={search_term_string}"},"query-input":{"@type":"PropertyValueSpecification","valueRequired":true,"valueName":"search_term_string"}}],"inLanguage":"ru-RU"},{"@type":"Organization","@id":"https:\/\/adra.md\/#organization","name":"ADRA Moldova","url":"https:\/\/adra.md\/","logo":{"@type":"ImageObject","inLanguage":"ru-RU","@id":"https:\/\/adra.md\/#\/schema\/logo\/image\/","url":"https:\/\/adra.md\/wp-content\/uploads\/2019\/11\/group-435.png","contentUrl":"https:\/\/adra.md\/wp-content\/uploads\/2019\/11\/group-435.png","width":500,"height":133,"caption":"ADRA Moldova"},"image":{"@id":"https:\/\/adra.md\/#\/schema\/logo\/image\/"}}]}},"_links":{"self":[{"href":"https:\/\/adra.md\/ru\/wp-json\/wp\/v2\/pages\/18698","targetHints":{"allow":["GET"]}}],"collection":[{"href":"https:\/\/adra.md\/ru\/wp-json\/wp\/v2\/pages"}],"about":[{"href":"https:\/\/adra.md\/ru\/wp-json\/wp\/v2\/types\/page"}],"author":[{"embeddable":true,"href":"https:\/\/adra.md\/ru\/wp-json\/wp\/v2\/users\/9"}],"replies":[{"embeddable":true,"href":"https:\/\/adra.md\/ru\/wp-json\/wp\/v2\/comments?post=18698"}],"version-history":[{"count":7,"href":"https:\/\/adra.md\/ru\/wp-json\/wp\/v2\/pages\/18698\/revisions"}],"predecessor-version":[{"id":18706,"href":"https:\/\/adra.md\/ru\/wp-json\/wp\/v2\/pages\/18698\/revisions\/18706"}],"up":[{"embeddable":true,"href":"https:\/\/adra.md\/ru\/wp-json\/wp\/v2\/pages\/18336"}],"wp:featuredmedia":[{"embeddable":true,"href":"https:\/\/adra.md\/ru\/wp-json\/wp\/v2\/media\/9957"}],"wp:attachment":[{"href":"https:\/\/adra.md\/ru\/wp-json\/wp\/v2\/media?parent=18698"}],"curies":[{"name":"wp","href":"https:\/\/api.w.org\/{rel}","templated":true}]}}