{"id":18709,"date":"2022-02-23T12:26:38","date_gmt":"2022-02-23T12:26:38","guid":{"rendered":"https:\/\/adra.md\/?page_id=18709"},"modified":"2022-02-23T12:31:10","modified_gmt":"2022-02-23T12:31:10","slug":"ca-donator","status":"publish","type":"page","link":"https:\/\/adra.md\/ru\/cine-suntem\/ca-donator\/","title":{"rendered":"Ca donator"},"content":{"rendered":"<div data-elementor-type=\"wp-page\" data-elementor-id=\"18709\" class=\"elementor elementor-18709\" data-elementor-post-type=\"page\">\n\t\t\t\t\t\t<section class=\"elementor-section elementor-top-section elementor-element elementor-element-48b5dfa elementor-section-full_width elementor-section-height-min-height elementor-section-height-default elementor-section-items-middle\" data-id=\"48b5dfa\" data-element_type=\"section\" data-e-type=\"section\" data-settings=\"{&quot;background_background&quot;:&quot;classic&quot;}\">\n\t\t\t\t\t\t<div class=\"elementor-container elementor-column-gap-default\">\n\t\t\t\t\t<div class=\"elementor-column elementor-col-100 elementor-top-column elementor-element elementor-element-42a5408\" data-id=\"42a5408\" data-element_type=\"column\" data-e-type=\"column\">\n\t\t\t<div class=\"elementor-widget-wrap elementor-element-populated\">\n\t\t\t\t\t\t<div class=\"elementor-element elementor-element-1128ea3 elementor-widget elementor-widget-heading\" data-id=\"1128ea3\" data-element_type=\"widget\" data-e-type=\"widget\" authenia=\"true\" data-widget_type=\"heading.default\">\n\t\t\t\t<div class=\"elementor-widget-container\">\n\t\t\t\t\t<h1 class=\"elementor-heading-title elementor-size-default\">Ca donator<\/h1>\t\t\t\t<\/div>\n\t\t\t\t<\/div>\n\t\t\t\t\t<\/div>\n\t\t<\/div>\n\t\t\t\t\t<\/div>\n\t\t<\/section>\n\t\t\t\t<section class=\"elementor-section elementor-top-section elementor-element elementor-element-55e4553 elementor-section-boxed elementor-section-height-default elementor-section-height-default\" data-id=\"55e4553\" data-element_type=\"section\" data-e-type=\"section\">\n\t\t\t\t\t\t<div class=\"elementor-container elementor-column-gap-default\">\n\t\t\t\t\t<div class=\"elementor-column elementor-col-100 elementor-top-column elementor-element elementor-element-86a0e83\" data-id=\"86a0e83\" data-element_type=\"column\" data-e-type=\"column\">\n\t\t\t<div class=\"elementor-widget-wrap elementor-element-populated\">\n\t\t\t\t\t\t<div class=\"elementor-element elementor-element-90a776c elementor-widget elementor-widget-text-editor\" data-id=\"90a776c\" data-element_type=\"widget\" data-e-type=\"widget\" data-widget_type=\"text-editor.default\">\n\t\t\t\t<div class=\"elementor-widget-container\">\n\t\t\t\t\t\t\t\t\t<p>\u00cen \u00eendeplinirea misiunii ei, ADRA Rom\u00e2nia poate fi asistat\u0103 at\u00e2t cu dona\u0163ii materiale c\u00e2t \u015fi cu dona\u0163ii financiare.<\/p>\t\t\t\t\t\t\t\t<\/div>\n\t\t\t\t<\/div>\n\t\t\t\t<div class=\"elementor-element elementor-element-ba9d41e elementor-widget elementor-widget-heading\" data-id=\"ba9d41e\" data-element_type=\"widget\" data-e-type=\"widget\" data-widget_type=\"heading.default\">\n\t\t\t\t<div class=\"elementor-widget-container\">\n\t\t\t\t\t<h2 class=\"elementor-heading-title elementor-size-default\">Pentru dona\u0163iile materiale<\/h2>\t\t\t\t<\/div>\n\t\t\t\t<\/div>\n\t\t\t\t<div class=\"elementor-element elementor-element-6f4ba79 elementor-widget elementor-widget-text-editor\" data-id=\"6f4ba79\" data-element_type=\"widget\" data-e-type=\"widget\" data-widget_type=\"text-editor.default\">\n\t\t\t\t<div class=\"elementor-widget-container\">\n\t\t\t\t\t\t\t\t\t<p>v\u0103 rug\u0103m s\u0103 contacta\u021bi ADRA Rom\u00e2nia<br \/>Cod fiscal: 14355291<br \/>Adresa: Bulevardul Pache Protopopescu, Nr. 85, Sector 2, Bucure\u015fti, Rom\u00e2nia, Cod 021415<br \/>Telefon: + 40 21 25 25 117<br \/>Fax: + 40 21 25 28 690<br \/>E-mail: office@adra.ro<\/p><p><strong>Dona\u021biile materiale<\/strong>\u00a0se pot depune la sediul nostru din\u00a0<strong>Bucure\u0219ti,<\/strong>\u00a0<strong>Bld. Pache Protopopescu, nr. 85<\/strong>\u00a0\u0219i pot fi materiale \u0219i\/sau unelte de construc\u021bie, produse de igien\u0103, alimente neperisabile, materiale textile,\u00a0 \u00eembr\u0103c\u0103minte, \u00eenc\u0103l\u021b\u0103minte, medicamente \u0219i obiecte de uz sanitar, obiecte de mobilier, aparatur\u0103 electric\u0103, electronic\u0103 \u0219i electrocasnic\u0103, obiecte de bricolaj, accesorii pentru cas\u0103 \u0219i gr\u0103din\u0103, sau orice altceva considera\u021bi c\u0103 poate fi necesar beneficiarilor no\u0219tri.<\/p>\t\t\t\t\t\t\t\t<\/div>\n\t\t\t\t<\/div>\n\t\t\t\t<div class=\"elementor-element elementor-element-26b6a1e elementor-widget elementor-widget-heading\" data-id=\"26b6a1e\" data-element_type=\"widget\" data-e-type=\"widget\" data-widget_type=\"heading.default\">\n\t\t\t\t<div class=\"elementor-widget-container\">\n\t\t\t\t\t<h2 class=\"elementor-heading-title elementor-size-default\">Dona\u0163iile financiare<\/h2>\t\t\t\t<\/div>\n\t\t\t\t<\/div>\n\t\t\t\t<div class=\"elementor-element elementor-element-41934b5 elementor-widget elementor-widget-text-editor\" data-id=\"41934b5\" data-element_type=\"widget\" data-e-type=\"widget\" data-widget_type=\"text-editor.default\">\n\t\t\t\t<div class=\"elementor-widget-container\">\n\t\t\t\t\t\t\t\t\t<p>le pute\u0163i face,<\/p><ul><li>pe baz\u0103 de chitan\u0163\u0103 fiscal\u0103, la sediul ADRA Rom\u00e2nia (de luni p\u00e2n\u0103 vineri, \u00een intervalul orar 08:30 \u2013 17:00),<\/li><li>don\u00e2nd chiar acum\u00a0<strong>2 Euro<\/strong>\u00a0prin\u00a0<strong>SMS<\/strong>\u00a0la num\u0103rul\u00a0<strong>8845<\/strong>\u00a0cu textul \u201dADRA\u201d (non-stop).<\/li><li>online, pe\u00a0<a href=\"https:\/\/adra.ro\/doneaza\" target=\"_blank\" rel=\"noopener noreferrer\">site-ul ADRA Rom\u00e2nia\u00a0<\/a>(non-stop),<\/li><li>sau \u00een conturile ADRA Rom\u00e2nia, deschise la BCR, Sector 3, Bucure\u015fti:<ul><li>RO37 RNCB 0074 0292 1540 0067 \u2013 LEI<\/li><li>RO46 RNCB 0074 0292 1540 0002 \u2013 USD<\/li><li>RO78 RNCB 0074 0292 1540 0008 \u2013 EUR<\/li><\/ul><\/li><\/ul><p>SWIFT Code: RNCBROBUXXX<\/p><p>Banca Comercial\u0103 Rom\u00e2n\u0103, Sucursala Sector 3,<br \/>Bulevardul Decebal, Nr. 11, Bl. S14, Sector 3, Bucure\u015fti<\/p>\t\t\t\t\t\t\t\t<\/div>\n\t\t\t\t<\/div>\n\t\t\t\t\t<\/div>\n\t\t<\/div>\n\t\t\t\t\t<\/div>\n\t\t<\/section>\n\t\t\t\t<\/div>","protected":false},"excerpt":{"rendered":"<p>Ca donator \u00cen \u00eendeplinirea misiunii ei, ADRA Rom\u00e2nia poate fi asistat\u0103 at\u00e2t cu dona\u0163ii materiale c\u00e2t \u015fi cu dona\u0163ii financiare. Pentru dona\u0163iile materiale v\u0103 rug\u0103m s\u0103 contacta\u021bi ADRA Rom\u00e2niaCod fiscal: 14355291Adresa: Bulevardul Pache Protopopescu, Nr. 85, Sector 2, Bucure\u015fti, Rom\u00e2nia, Cod 021415Telefon: + 40 21 25 25 117Fax: + 40 21 25 28 690E-mail: office@adra.ro [&hellip;]<\/p>\n","protected":false},"author":9,"featured_media":9957,"parent":18336,"menu_order":0,"comment_status":"closed","ping_status":"closed","template":"","meta":{"_acf_changed":false,"footnotes":""},"class_list":["post-18709","page","type-page","status-publish","has-post-thumbnail","hentry"],"acf":[],"yoast_head":"<!-- This site is optimized with the Yoast SEO plugin v27.4 - https:\/\/yoast.com\/product\/yoast-seo-wordpress\/ -->\n<title>Ca donator - ADRA Moldova<\/title>\n<meta name=\"robots\" content=\"index, follow, max-snippet:-1, max-image-preview:large, max-video-preview:-1\" \/>\n<link rel=\"canonical\" href=\"https:\/\/adra.md\/ru\/cine-suntem\/ca-donator\/\" \/>\n<meta property=\"og:locale\" content=\"ru_RU\" \/>\n<meta property=\"og:type\" content=\"article\" \/>\n<meta property=\"og:title\" content=\"Ca donator - ADRA Moldova\" \/>\n<meta property=\"og:description\" content=\"Ca donator \u00cen \u00eendeplinirea misiunii ei, ADRA Rom\u00e2nia poate fi asistat\u0103 at\u00e2t cu dona\u0163ii materiale c\u00e2t \u015fi cu dona\u0163ii financiare. Pentru dona\u0163iile materiale v\u0103 rug\u0103m s\u0103 contacta\u021bi ADRA Rom\u00e2niaCod fiscal: 14355291Adresa: Bulevardul Pache Protopopescu, Nr. 85, Sector 2, Bucure\u015fti, Rom\u00e2nia, Cod 021415Telefon: + 40 21 25 25 117Fax: + 40 21 25 28 690E-mail: office@adra.ro [&hellip;]\" \/>\n<meta property=\"og:url\" content=\"https:\/\/adra.md\/ru\/cine-suntem\/ca-donator\/\" \/>\n<meta property=\"og:site_name\" content=\"ADRA Moldova\" \/>\n<meta property=\"article:modified_time\" content=\"2022-02-23T12:31:10+00:00\" \/>\n<meta property=\"og:image\" content=\"https:\/\/adra.md\/wp-content\/uploads\/2019\/11\/dsc_3856-2-from-michael-e1570152484120.jpg\" \/>\n\t<meta property=\"og:image:width\" content=\"6327\" \/>\n\t<meta property=\"og:image:height\" content=\"4223\" \/>\n\t<meta property=\"og:image:type\" content=\"image\/jpeg\" \/>\n<meta name=\"twitter:card\" content=\"summary_large_image\" \/>\n<meta name=\"twitter:label1\" content=\"\u041f\u0440\u0438\u043c\u0435\u0440\u043d\u043e\u0435 \u0432\u0440\u0435\u043c\u044f \u0434\u043b\u044f \u0447\u0442\u0435\u043d\u0438\u044f\" \/>\n\t<meta name=\"twitter:data1\" content=\"1 \u043c\u0438\u043d\u0443\u0442\u0430\" \/>\n<script type=\"application\/ld+json\" class=\"yoast-schema-graph\">{\"@context\":\"https:\\\/\\\/schema.org\",\"@graph\":[{\"@type\":\"WebPage\",\"@id\":\"https:\\\/\\\/adra.md\\\/cine-suntem\\\/ca-donator\\\/\",\"url\":\"https:\\\/\\\/adra.md\\\/cine-suntem\\\/ca-donator\\\/\",\"name\":\"Ca donator - ADRA Moldova\",\"isPartOf\":{\"@id\":\"https:\\\/\\\/adra.md\\\/#website\"},\"primaryImageOfPage\":{\"@id\":\"https:\\\/\\\/adra.md\\\/cine-suntem\\\/ca-donator\\\/#primaryimage\"},\"image\":{\"@id\":\"https:\\\/\\\/adra.md\\\/cine-suntem\\\/ca-donator\\\/#primaryimage\"},\"thumbnailUrl\":\"https:\\\/\\\/adra.md\\\/wp-content\\\/uploads\\\/2019\\\/11\\\/dsc_3856-2-from-michael-e1570152484120.jpg\",\"datePublished\":\"2022-02-23T12:26:38+00:00\",\"dateModified\":\"2022-02-23T12:31:10+00:00\",\"breadcrumb\":{\"@id\":\"https:\\\/\\\/adra.md\\\/cine-suntem\\\/ca-donator\\\/#breadcrumb\"},\"inLanguage\":\"ru-RU\",\"potentialAction\":[{\"@type\":\"ReadAction\",\"target\":[\"https:\\\/\\\/adra.md\\\/cine-suntem\\\/ca-donator\\\/\"]}]},{\"@type\":\"ImageObject\",\"inLanguage\":\"ru-RU\",\"@id\":\"https:\\\/\\\/adra.md\\\/cine-suntem\\\/ca-donator\\\/#primaryimage\",\"url\":\"https:\\\/\\\/adra.md\\\/wp-content\\\/uploads\\\/2019\\\/11\\\/dsc_3856-2-from-michael-e1570152484120.jpg\",\"contentUrl\":\"https:\\\/\\\/adra.md\\\/wp-content\\\/uploads\\\/2019\\\/11\\\/dsc_3856-2-from-michael-e1570152484120.jpg\",\"width\":6327,\"height\":4223},{\"@type\":\"BreadcrumbList\",\"@id\":\"https:\\\/\\\/adra.md\\\/cine-suntem\\\/ca-donator\\\/#breadcrumb\",\"itemListElement\":[{\"@type\":\"ListItem\",\"position\":1,\"name\":\"Home\",\"item\":\"https:\\\/\\\/adra.md\\\/\"},{\"@type\":\"ListItem\",\"position\":2,\"name\":\"Cine suntem ?\",\"item\":\"https:\\\/\\\/adra.md\\\/cine-suntem\\\/\"},{\"@type\":\"ListItem\",\"position\":3,\"name\":\"Ca donator\"}]},{\"@type\":\"WebSite\",\"@id\":\"https:\\\/\\\/adra.md\\\/#website\",\"url\":\"https:\\\/\\\/adra.md\\\/\",\"name\":\"ADRA Moldova\",\"description\":\"Agen\u0163ia Adventist\u0103 pentru Dezvoltare, Refacere \u015fi Ajutor\",\"publisher\":{\"@id\":\"https:\\\/\\\/adra.md\\\/#organization\"},\"potentialAction\":[{\"@type\":\"SearchAction\",\"target\":{\"@type\":\"EntryPoint\",\"urlTemplate\":\"https:\\\/\\\/adra.md\\\/?s={search_term_string}\"},\"query-input\":{\"@type\":\"PropertyValueSpecification\",\"valueRequired\":true,\"valueName\":\"search_term_string\"}}],\"inLanguage\":\"ru-RU\"},{\"@type\":\"Organization\",\"@id\":\"https:\\\/\\\/adra.md\\\/#organization\",\"name\":\"ADRA Moldova\",\"url\":\"https:\\\/\\\/adra.md\\\/\",\"logo\":{\"@type\":\"ImageObject\",\"inLanguage\":\"ru-RU\",\"@id\":\"https:\\\/\\\/adra.md\\\/#\\\/schema\\\/logo\\\/image\\\/\",\"url\":\"https:\\\/\\\/adra.md\\\/wp-content\\\/uploads\\\/2019\\\/11\\\/group-435.png\",\"contentUrl\":\"https:\\\/\\\/adra.md\\\/wp-content\\\/uploads\\\/2019\\\/11\\\/group-435.png\",\"width\":500,\"height\":133,\"caption\":\"ADRA Moldova\"},\"image\":{\"@id\":\"https:\\\/\\\/adra.md\\\/#\\\/schema\\\/logo\\\/image\\\/\"}}]}<\/script>\n<!-- \/ Yoast SEO plugin. -->","yoast_head_json":{"title":"Ca donator - ADRA Moldova","robots":{"index":"index","follow":"follow","max-snippet":"max-snippet:-1","max-image-preview":"max-image-preview:large","max-video-preview":"max-video-preview:-1"},"canonical":"https:\/\/adra.md\/ru\/cine-suntem\/ca-donator\/","og_locale":"ru_RU","og_type":"article","og_title":"Ca donator - ADRA Moldova","og_description":"Ca donator \u00cen \u00eendeplinirea misiunii ei, ADRA Rom\u00e2nia poate fi asistat\u0103 at\u00e2t cu dona\u0163ii materiale c\u00e2t \u015fi cu dona\u0163ii financiare. Pentru dona\u0163iile materiale v\u0103 rug\u0103m s\u0103 contacta\u021bi ADRA Rom\u00e2niaCod fiscal: 14355291Adresa: Bulevardul Pache Protopopescu, Nr. 85, Sector 2, Bucure\u015fti, Rom\u00e2nia, Cod 021415Telefon: + 40 21 25 25 117Fax: + 40 21 25 28 690E-mail: office@adra.ro [&hellip;]","og_url":"https:\/\/adra.md\/ru\/cine-suntem\/ca-donator\/","og_site_name":"ADRA Moldova","article_modified_time":"2022-02-23T12:31:10+00:00","og_image":[{"width":6327,"height":4223,"url":"https:\/\/adra.md\/wp-content\/uploads\/2019\/11\/dsc_3856-2-from-michael-e1570152484120.jpg","type":"image\/jpeg"}],"twitter_card":"summary_large_image","twitter_misc":{"\u041f\u0440\u0438\u043c\u0435\u0440\u043d\u043e\u0435 \u0432\u0440\u0435\u043c\u044f \u0434\u043b\u044f \u0447\u0442\u0435\u043d\u0438\u044f":"1 \u043c\u0438\u043d\u0443\u0442\u0430"},"schema":{"@context":"https:\/\/schema.org","@graph":[{"@type":"WebPage","@id":"https:\/\/adra.md\/cine-suntem\/ca-donator\/","url":"https:\/\/adra.md\/cine-suntem\/ca-donator\/","name":"Ca donator - ADRA Moldova","isPartOf":{"@id":"https:\/\/adra.md\/#website"},"primaryImageOfPage":{"@id":"https:\/\/adra.md\/cine-suntem\/ca-donator\/#primaryimage"},"image":{"@id":"https:\/\/adra.md\/cine-suntem\/ca-donator\/#primaryimage"},"thumbnailUrl":"https:\/\/adra.md\/wp-content\/uploads\/2019\/11\/dsc_3856-2-from-michael-e1570152484120.jpg","datePublished":"2022-02-23T12:26:38+00:00","dateModified":"2022-02-23T12:31:10+00:00","breadcrumb":{"@id":"https:\/\/adra.md\/cine-suntem\/ca-donator\/#breadcrumb"},"inLanguage":"ru-RU","potentialAction":[{"@type":"ReadAction","target":["https:\/\/adra.md\/cine-suntem\/ca-donator\/"]}]},{"@type":"ImageObject","inLanguage":"ru-RU","@id":"https:\/\/adra.md\/cine-suntem\/ca-donator\/#primaryimage","url":"https:\/\/adra.md\/wp-content\/uploads\/2019\/11\/dsc_3856-2-from-michael-e1570152484120.jpg","contentUrl":"https:\/\/adra.md\/wp-content\/uploads\/2019\/11\/dsc_3856-2-from-michael-e1570152484120.jpg","width":6327,"height":4223},{"@type":"BreadcrumbList","@id":"https:\/\/adra.md\/cine-suntem\/ca-donator\/#breadcrumb","itemListElement":[{"@type":"ListItem","position":1,"name":"Home","item":"https:\/\/adra.md\/"},{"@type":"ListItem","position":2,"name":"Cine suntem ?","item":"https:\/\/adra.md\/cine-suntem\/"},{"@type":"ListItem","position":3,"name":"Ca donator"}]},{"@type":"WebSite","@id":"https:\/\/adra.md\/#website","url":"https:\/\/adra.md\/","name":"ADRA Moldova","description":"Agen\u0163ia Adventist\u0103 pentru Dezvoltare, Refacere \u015fi Ajutor","publisher":{"@id":"https:\/\/adra.md\/#organization"},"potentialAction":[{"@type":"SearchAction","target":{"@type":"EntryPoint","urlTemplate":"https:\/\/adra.md\/?s={search_term_string}"},"query-input":{"@type":"PropertyValueSpecification","valueRequired":true,"valueName":"search_term_string"}}],"inLanguage":"ru-RU"},{"@type":"Organization","@id":"https:\/\/adra.md\/#organization","name":"ADRA Moldova","url":"https:\/\/adra.md\/","logo":{"@type":"ImageObject","inLanguage":"ru-RU","@id":"https:\/\/adra.md\/#\/schema\/logo\/image\/","url":"https:\/\/adra.md\/wp-content\/uploads\/2019\/11\/group-435.png","contentUrl":"https:\/\/adra.md\/wp-content\/uploads\/2019\/11\/group-435.png","width":500,"height":133,"caption":"ADRA Moldova"},"image":{"@id":"https:\/\/adra.md\/#\/schema\/logo\/image\/"}}]}},"_links":{"self":[{"href":"https:\/\/adra.md\/ru\/wp-json\/wp\/v2\/pages\/18709","targetHints":{"allow":["GET"]}}],"collection":[{"href":"https:\/\/adra.md\/ru\/wp-json\/wp\/v2\/pages"}],"about":[{"href":"https:\/\/adra.md\/ru\/wp-json\/wp\/v2\/types\/page"}],"author":[{"embeddable":true,"href":"https:\/\/adra.md\/ru\/wp-json\/wp\/v2\/users\/9"}],"replies":[{"embeddable":true,"href":"https:\/\/adra.md\/ru\/wp-json\/wp\/v2\/comments?post=18709"}],"version-history":[{"count":4,"href":"https:\/\/adra.md\/ru\/wp-json\/wp\/v2\/pages\/18709\/revisions"}],"predecessor-version":[{"id":18713,"href":"https:\/\/adra.md\/ru\/wp-json\/wp\/v2\/pages\/18709\/revisions\/18713"}],"up":[{"embeddable":true,"href":"https:\/\/adra.md\/ru\/wp-json\/wp\/v2\/pages\/18336"}],"wp:featuredmedia":[{"embeddable":true,"href":"https:\/\/adra.md\/ru\/wp-json\/wp\/v2\/media\/9957"}],"wp:attachment":[{"href":"https:\/\/adra.md\/ru\/wp-json\/wp\/v2\/media?parent=18709"}],"curies":[{"name":"wp","href":"https:\/\/api.w.org\/{rel}","templated":true}]}}