{"id":18715,"date":"2022-02-23T12:43:35","date_gmt":"2022-02-23T12:43:35","guid":{"rendered":"https:\/\/adra.md\/?page_id=18715"},"modified":"2022-03-02T08:39:32","modified_gmt":"2022-03-02T08:39:32","slug":"doneaza","status":"publish","type":"page","link":"https:\/\/adra.md\/ru\/cine-suntem\/doneaza\/","title":{"rendered":"Doneaz\u0103"},"content":{"rendered":"<div data-elementor-type=\"wp-page\" data-elementor-id=\"18715\" class=\"elementor elementor-18715\" data-elementor-post-type=\"page\">\n\t\t\t\t\t\t<section class=\"elementor-section elementor-top-section elementor-element elementor-element-48b5dfa elementor-section-full_width elementor-section-height-min-height elementor-section-height-default elementor-section-items-middle\" data-id=\"48b5dfa\" data-element_type=\"section\" data-e-type=\"section\" data-settings=\"{&quot;background_background&quot;:&quot;classic&quot;}\">\n\t\t\t\t\t\t<div class=\"elementor-container elementor-column-gap-default\">\n\t\t\t\t\t<div class=\"elementor-column elementor-col-100 elementor-top-column elementor-element elementor-element-42a5408\" data-id=\"42a5408\" data-element_type=\"column\" data-e-type=\"column\">\n\t\t\t<div class=\"elementor-widget-wrap elementor-element-populated\">\n\t\t\t\t\t\t<div class=\"elementor-element elementor-element-1128ea3 elementor-widget elementor-widget-heading\" data-id=\"1128ea3\" data-element_type=\"widget\" data-e-type=\"widget\" authenia=\"true\" data-widget_type=\"heading.default\">\n\t\t\t\t<div class=\"elementor-widget-container\">\n\t\t\t\t\t<h1 class=\"elementor-heading-title elementor-size-default\">Doneaz\u0103 <\/h1>\t\t\t\t<\/div>\n\t\t\t\t<\/div>\n\t\t\t\t\t<\/div>\n\t\t<\/div>\n\t\t\t\t\t<\/div>\n\t\t<\/section>\n\t\t\t\t<section class=\"elementor-section elementor-top-section elementor-element elementor-element-55e4553 elementor-section-boxed elementor-section-height-default elementor-section-height-default\" data-id=\"55e4553\" data-element_type=\"section\" data-e-type=\"section\">\n\t\t\t\t\t\t<div class=\"elementor-container elementor-column-gap-default\">\n\t\t\t\t\t<div class=\"elementor-column elementor-col-100 elementor-top-column elementor-element elementor-element-86a0e83\" data-id=\"86a0e83\" data-element_type=\"column\" data-e-type=\"column\">\n\t\t\t<div class=\"elementor-widget-wrap elementor-element-populated\">\n\t\t\t\t\t\t<div class=\"elementor-element elementor-element-26b6a1e elementor-widget elementor-widget-heading\" data-id=\"26b6a1e\" data-element_type=\"widget\" data-e-type=\"widget\" data-widget_type=\"heading.default\">\n\t\t\t\t<div class=\"elementor-widget-container\">\n\t\t\t\t\t<h2 class=\"elementor-heading-title elementor-size-default\">Rechizite Bancare<\/h2>\t\t\t\t<\/div>\n\t\t\t\t<\/div>\n\t\t\t\t<div class=\"elementor-element elementor-element-90a776c elementor-widget elementor-widget-text-editor\" data-id=\"90a776c\" data-element_type=\"widget\" data-e-type=\"widget\" data-widget_type=\"text-editor.default\">\n\t\t\t\t<div class=\"elementor-widget-container\">\n\t\t\t\t\t\t\t\t\t<p><strong>Dona\u021biile financiare<\/strong>\u00a0le mai pute\u021bi face, pe baza de chitan\u021b\u0103 fiscal\u0103, la sediul ADRA Moldova sau \u00een conturile ADRA Moldova, deschise la Victoriabank,\u00a0<\/p><p><strong><u>MD18VI225100000104390MDL<\/u><br \/>MD18VI000222401700104390EUR<br \/><u>MD90VI000222400100104390USD<\/u><\/strong><\/p><p><strong>Dona\u021biile materiale<\/strong>\u00a0se pot depune la sediul nostru din Chi\u0219in\u0103u, str<strong>. Ialoveni, nr. 1\/1<\/strong>\u00a0\u0219i pot fi materiale \u0219i\/sau unelte de construc\u021bie, produse de igien\u0103, alimente neperisabile, materiale textile,\u00a0 \u00eembr\u0103c\u0103minte, \u00eenc\u0103l\u021b\u0103minte, medicamente \u0219i obiecte de uz sanitar, obiecte de mobilier, aparatur\u0103 electric\u0103, electronic\u0103 \u0219i electrocasnic\u0103, obiecte de bricolaj, accesorii pentru cas\u0103 \u0219i gr\u0103din\u0103, sau orice altceva considera\u021bi c\u0103 poate fi necesar beneficiarilor no\u0219tri.<\/p>\t\t\t\t\t\t\t\t<\/div>\n\t\t\t\t<\/div>\n\t\t\t\t<div class=\"elementor-element elementor-element-6887e20 elementor-widget elementor-widget-text-editor\" data-id=\"6887e20\" data-element_type=\"widget\" data-e-type=\"widget\" data-widget_type=\"text-editor.default\">\n\t\t\t\t<div class=\"elementor-widget-container\">\n\t\t\t\t\t\t\t\t\t<p><span style=\"color: var( --e-global-color-text ); font-family: var( --e-global-typography-text-font-family ), \\'Montserrat\\', Helvetica, Arial; font-weight: var( --e-global-typography-text-font-weight ); font-size: 1rem;\">Rechizitele bancare pentru efectuarea dona\u021biilor sunt prezentate mai jos:<\/span><\/p><p><strong>1) \u00cen lei moldovene\u015fti<\/strong><\/p><p><span style=\"color: var( --e-global-color-text ); font-family: var( --e-global-typography-text-font-family ), \\'Montserrat\\', Helvetica, Arial; font-weight: var( --e-global-typography-text-font-weight ); font-size: 1rem;\">Beneficiar: A.O. Filiala din RM ADRA \u2013 Moldova<br \/><\/span><span style=\"color: var( --e-global-color-text ); font-family: var( --e-global-typography-text-font-family ), \\'Montserrat\\', Helvetica, Arial; font-weight: var( --e-global-typography-text-font-weight ); font-size: 1rem;\">Cod Fiscal: 1010620008967<br \/><\/span>IBAN\u00a0 : <span style=\"text-decoration: underline;\">MD18VI225100000104390MDL<\/span><u><br \/><\/u>Banca beneficiarului: Victoriabank\u00a0 Filiala nr.3<br \/>Codul b\u0103ncii: VICBMD2X<u><br \/><\/u>Adresa Juridic\u0103: str. Ialoveni 1\/1, 2070 Chi\u015fin\u0103u<\/p><p>Director: G\u00eerleanu Andrei<u><br \/><\/u>Tel.\/Fax: 022287289<br \/>Cell phone: +37369123895<br \/>Mail: <a href=\"mailto:adramoldova@yahoo.com\">adramoldova@yahoo.com<\/a>, andreig_u@yahoo.com<\/p><p><strong>\u00a0<\/strong><strong style=\"color: var( --e-global-color-text ); font-family: var( --e-global-typography-text-font-family ), \\'Montserrat\\', Helvetica, Arial; font-size: 1rem;\">2) \u00cen dolari SUA (USD)<\/strong><\/p><p>Fiscal Code: 1010620008967<br \/>Bank Account Number : 222400100104390<br \/>IBAN : <span style=\"text-decoration: underline;\">MD90VI000222400100104390USD<\/span><br \/>Bank Name : BC Victoriabank S.A\u00a0 Filial nr.3<br \/>Bank Routing Code (SWIFT) : VICBMD2X<br \/><strong style=\"color: var( --e-global-color-text ); font-family: var( --e-global-typography-text-font-family ), \\'Montserrat\\', Helvetica, Arial; font-size: 1rem;\"><br \/>3) \u00cen EURO (EUR)<\/strong><\/p><p>Fiscal Code: 1010620008967<br \/>Bank Account Number : 222400100104390<br \/>IBAN : <span style=\"text-decoration: underline;\">MD90VI000222400100104390USD<\/span><br \/>Bank Name : BC Victoriabank S.A\u00a0 Filial nr.3<br \/>Bank Routing Code (SWIFT) : VICBMD2X<\/p>\t\t\t\t\t\t\t\t<\/div>\n\t\t\t\t<\/div>\n\t\t\t\t\t<\/div>\n\t\t<\/div>\n\t\t\t\t\t<\/div>\n\t\t<\/section>\n\t\t\t\t<\/div>","protected":false},"excerpt":{"rendered":"<p>Doneaz\u0103 Rechizite Bancare Dona\u021biile financiare\u00a0le mai pute\u021bi face, pe baza de chitan\u021b\u0103 fiscal\u0103, la sediul ADRA Moldova sau \u00een conturile ADRA Moldova, deschise la Victoriabank,\u00a0 MD18VI225100000104390MDLMD18VI000222401700104390EURMD90VI000222400100104390USD Dona\u021biile materiale\u00a0se pot depune la sediul nostru din Chi\u0219in\u0103u, str. Ialoveni, nr. 1\/1\u00a0\u0219i pot fi materiale \u0219i\/sau unelte de construc\u021bie, produse de igien\u0103, alimente neperisabile, materiale textile,\u00a0 \u00eembr\u0103c\u0103minte, \u00eenc\u0103l\u021b\u0103minte, [&hellip;]<\/p>","protected":false},"author":9,"featured_media":9957,"parent":18336,"menu_order":0,"comment_status":"closed","ping_status":"closed","template":"","meta":{"_acf_changed":false,"footnotes":""},"class_list":["post-18715","page","type-page","status-publish","has-post-thumbnail","hentry"],"acf":[],"_links":{"self":[{"href":"https:\/\/adra.md\/ru\/wp-json\/wp\/v2\/pages\/18715","targetHints":{"allow":["GET"]}}],"collection":[{"href":"https:\/\/adra.md\/ru\/wp-json\/wp\/v2\/pages"}],"about":[{"href":"https:\/\/adra.md\/ru\/wp-json\/wp\/v2\/types\/page"}],"author":[{"embeddable":true,"href":"https:\/\/adra.md\/ru\/wp-json\/wp\/v2\/users\/9"}],"replies":[{"embeddable":true,"href":"https:\/\/adra.md\/ru\/wp-json\/wp\/v2\/comments?post=18715"}],"version-history":[{"count":10,"href":"https:\/\/adra.md\/ru\/wp-json\/wp\/v2\/pages\/18715\/revisions"}],"predecessor-version":[{"id":18878,"href":"https:\/\/adra.md\/ru\/wp-json\/wp\/v2\/pages\/18715\/revisions\/18878"}],"up":[{"embeddable":true,"href":"https:\/\/adra.md\/ru\/wp-json\/wp\/v2\/pages\/18336"}],"wp:featuredmedia":[{"embeddable":true,"href":"https:\/\/adra.md\/ru\/wp-json\/wp\/v2\/media\/9957"}],"wp:attachment":[{"href":"https:\/\/adra.md\/ru\/wp-json\/wp\/v2\/media?parent=18715"}],"curies":[{"name":"wp","href":"https:\/\/api.w.org\/{rel}","templated":true}]}}